{"id":15,"date":"2026-02-24T18:45:50","date_gmt":"2026-02-24T18:45:50","guid":{"rendered":"https:\/\/virtuaudio.com\/?page_id=15"},"modified":"2026-03-09T19:54:57","modified_gmt":"2026-03-09T19:54:57","slug":"my-account","status":"publish","type":"page","link":"https:\/\/virtuaudio.com\/?page_id=15","title":{"rendered":"My account"},"content":{"rendered":"\t\t<div data-elementor-type=\"wp-page\" data-elementor-id=\"15\" class=\"elementor elementor-15\" data-elementor-settings=\"{&quot;ha_cmc_init_switcher&quot;:&quot;no&quot;}\" data-elementor-post-type=\"page\">\n\t\t\t\t<div class=\"elementor-element elementor-element-7292bbdf e-flex e-con-boxed e-con e-parent\" data-id=\"7292bbdf\" data-element_type=\"container\" data-e-type=\"container\" data-settings=\"{&quot;_ha_eqh_enable&quot;:false}\">\n\t\t\t\t\t<div class=\"e-con-inner\">\n\t\t\t\t<div class=\"elementor-element elementor-element-42bdac61 elementor-widget elementor-widget-text-editor\" data-id=\"42bdac61\" data-element_type=\"widget\" data-e-type=\"widget\" data-widget_type=\"text-editor.default\">\n\t\t\t\t\t\t\t\t\t<div class=\"woocommerce\">\n<div class=\"woocommerce-notices-wrapper\"><\/div>\n<div class=\"u-columns col2-set\" id=\"customer_login\">\n<div class=\"u-column1 col-1\">\n<h2>Login<\/h2>\n<form class=\"woocommerce-form woocommerce-form-login login\" method=\"post\" novalidate>\n<p class=\"woocommerce-form-row woocommerce-form-row--wide form-row form-row-wide\">\n\t\t\t\t<label for=\"username\">Username or email address&nbsp;<span class=\"required\" aria-hidden=\"true\">*<\/span><span class=\"screen-reader-text\">Required<\/span><\/label><br \/>\n\t\t\t\t<input type=\"text\" class=\"woocommerce-Input woocommerce-Input--text input-text\" name=\"username\" id=\"username\" autocomplete=\"username\" value=\"\" required aria-required=\"true\" \/>\t\t\t<\/p>\n<p class=\"woocommerce-form-row woocommerce-form-row--wide form-row form-row-wide\">\n\t\t\t\t<label for=\"password\">Password&nbsp;<span class=\"required\" aria-hidden=\"true\">*<\/span><span class=\"screen-reader-text\">Required<\/span><\/label><br \/>\n\t\t\t\t<input class=\"woocommerce-Input woocommerce-Input--text input-text\" type=\"password\" name=\"password\" id=\"password\" autocomplete=\"current-password\" required aria-required=\"true\" \/>\n\t\t\t<\/p>\n<p class=\"form-row\">\n\t\t\t\t<label class=\"woocommerce-form__label woocommerce-form__label-for-checkbox woocommerce-form-login__rememberme\"><br \/>\n\t\t\t\t\t<input class=\"woocommerce-form__input woocommerce-form__input-checkbox\" name=\"rememberme\" type=\"checkbox\" id=\"rememberme\" value=\"forever\" \/> <span>Remember me<\/span><br \/>\n\t\t\t\t<\/label><br \/>\n\t\t\t\t<input type=\"hidden\" id=\"woocommerce-login-nonce\" name=\"woocommerce-login-nonce\" value=\"b3167a7992\" \/><input type=\"hidden\" name=\"_wp_http_referer\" value=\"\/index.php?rest_route=%2Fwp%2Fv2%2Fpages%2F15\" \/>\t\t\t\t<button type=\"submit\" class=\"woocommerce-button button woocommerce-form-login__submit\" name=\"login\" value=\"Log in\">Log in<\/button>\n\t\t\t<\/p>\n<p class=\"woocommerce-LostPassword lost_password\">\n\t\t\t\t<a href=\"https:\/\/virtuaudio.com\/?page_id=15&#038;lost-password\">Lost your password?<\/a>\n\t\t\t<\/p>\n<\/p><\/form>\n<\/p><\/div>\n<div class=\"u-column2 col-2\">\n<h2>Register<\/h2>\n<form method=\"post\" class=\"woocommerce-form woocommerce-form-register register\"  >\n<p class=\"woocommerce-form-row woocommerce-form-row--wide form-row form-row-wide\">\n\t\t\t\t<label for=\"reg_email\">Email address&nbsp;<span class=\"required\" aria-hidden=\"true\">*<\/span><span class=\"screen-reader-text\">Required<\/span><\/label><br \/>\n\t\t\t\t<input type=\"email\" class=\"woocommerce-Input woocommerce-Input--text input-text\" name=\"email\" id=\"reg_email\" autocomplete=\"email\" value=\"\" required aria-required=\"true\" \/>\t\t\t<\/p>\n<p>A link to set a new password will be sent to your email address.<\/p>\n<p>\t\t\t<wc-order-attribution-inputs><\/wc-order-attribution-inputs><\/p>\n<div class=\"woocommerce-privacy-policy-text\">\n<p>Your personal data will be used to support your experience throughout this website, to manage access to your account, and for other purposes described in our <a href=\"https:\/\/virtuaudio.com\/?page_id=3\" class=\"woocommerce-privacy-policy-link\" target=\"_blank\">privacy policy<\/a>.<\/p>\n<\/div>\n<p class=\"woocommerce-form-row form-row\">\n\t\t\t\t<input type=\"hidden\" id=\"woocommerce-register-nonce\" name=\"woocommerce-register-nonce\" value=\"114544f024\" \/><input type=\"hidden\" name=\"_wp_http_referer\" value=\"\/index.php?rest_route=%2Fwp%2Fv2%2Fpages%2F15\" \/>\t\t\t\t<button type=\"submit\" class=\"woocommerce-Button woocommerce-button button woocommerce-form-register__submit\" name=\"register\" value=\"Register\">Register<\/button>\n\t\t\t<\/p>\n<\/p><\/form>\n<\/p><\/div>\n<\/div>\n<\/div>\n\n<p>\u00a0<\/p>\n\t\t\t\t\t\t\t\t<\/div>\n\t\t\t\t\t<\/div>\n\t\t\t\t<\/div>\n\t\t<div class=\"elementor-element elementor-element-f538dd2 e-flex e-con-boxed e-con e-parent\" data-id=\"f538dd2\" data-element_type=\"container\" data-e-type=\"container\" data-settings=\"{&quot;_ha_eqh_enable&quot;:false}\">\n\t\t\t\t\t<div class=\"e-con-inner\">\n\t\t\t\t<div class=\"elementor-element elementor-element-7a12df0 elementor-widget elementor-widget-html\" data-id=\"7a12df0\" data-element_type=\"widget\" data-e-type=\"widget\" data-widget_type=\"html.default\">\n\t\t\t\t\t<style>\r\n\/* 1. TOTAL RESET & BLACKOUT *\/\r\nhtml, body, .woocommerce-account, .woocommerce {\r\n    background-color: #000 !important;\r\n    color: #fff !important;\r\n}\r\n\r\n\/* 2. KONT\u00c9NER K\u00d6Z\u00c9PRE TOL\u00c1SA *\/\r\n.woocommerce-account .woocommerce {\r\n    padding-top: 120px !important;\r\n    display: flex !important;\r\n    flex-direction: column !important;\r\n    align-items: center !important;\r\n    max-width: 1200px !important;\r\n    margin: 0 auto !important;\r\n}\r\n\r\n\/* 3. MEN\u00dc SOR FIX\u00c1L\u00c1SA *\/\r\n.woocommerce-MyAccount-navigation {\r\n    width: 100% !important;\r\n    margin-bottom: 40px !important;\r\n}\r\n\r\n.woocommerce-MyAccount-navigation ul {\r\n    list-style: none !important;\r\n    padding: 0 !important;\r\n    margin: 0 !important;\r\n    display: flex !important;\r\n    flex-wrap: wrap !important;\r\n    justify-content: center !important;\r\n    gap: 15px !important;\r\n}\r\n\r\n\/* P\u00f6tty\u00f6k \u00e9s lista-szem\u00e9t v\u00e9gleges kiiktat\u00e1sa *\/\r\n.woocommerce-MyAccount-navigation ul li {\r\n    list-style: none !important;\r\n    margin: 0 !important;\r\n    padding: 0 !important;\r\n}\r\n\r\n.woocommerce-MyAccount-navigation ul li::before {\r\n    display: none !important;\r\n    content: none !important;\r\n}\r\n\r\n\/* 4. A LINK SZ\u00d6VEG\u00c9NEK K\u00d6Z\u00c9PRE K\u00c9NYSZER\u00cdT\u00c9SE (BRUT\u00c1L M\u00d3DSZER) *\/\r\n.woocommerce-MyAccount-navigation ul li a {\r\n    \/* Flexbox alapok *\/\r\n    display: flex !important;\r\n    align-items: center !important;      \/* F\u00fcgg\u0151leges k\u00f6z\u00e9p *\/\r\n    justify-content: center !important;   \/* V\u00edzszintes k\u00f6z\u00e9p *\/\r\n    \r\n    \/* Kin\u00e9zet *\/\r\n    background: transparent !important;\r\n    color: #fff !important;\r\n    border: 1.5px solid #9401D9 !important;\r\n    \r\n    \/* Fix m\u00e9retek - ezen ne v\u00e1ltoztass, mert sz\u00e9tesik *\/\r\n    height: 50px !important;\r\n    min-width: 160px !important;\r\n    padding: 0 20px !important; \r\n    border-radius: 8px !important;\r\n    \r\n    \/* Sz\u00f6vegform\u00e1z\u00e1s *\/\r\n    font-weight: 800 !important;\r\n    text-transform: uppercase !important;\r\n    font-size: 13px !important;\r\n    text-decoration: none !important;\r\n    \r\n    \/* AZ ATOMBOMBA: Ki\u00fct\u00fcnk minden sormagass\u00e1got \u00e9s extra paddingot *\/\r\n    line-height: 0 !important;          \/* Ez k\u00e9nyszer\u00edti a flexet a sz\u00e1m\u00edt\u00e1sra *\/\r\n    margin: 0 !important;\r\n    box-sizing: border-box !important;\r\n}\r\n\r\n\/* Akt\u00edv \u00e9s Hover *\/\r\n.woocommerce-MyAccount-navigation ul li.is-active a,\r\n.woocommerce-MyAccount-navigation ul li a:hover {\r\n    background: #9401D9 !important;\r\n    box-shadow: 0 0 15px rgba(148, 1, 217, 0.6) !important;\r\n}\r\n\r\n\/* 5. TARTALMI DOBOZ *\/\r\n.woocommerce-MyAccount-content {\r\n    width: 100% !important;\r\n    max-width: 1000px !important;\r\n    background: #080808 !important;\r\n    border: 1px solid rgba(148, 1, 217, 0.2) !important;\r\n    border-radius: 15px !important;\r\n    padding: 40px !important;\r\n    color: #ccc !important;\r\n}\r\n\r\n\/* \u00dczenet box s\u00f6t\u00e9t\u00edt\u00e9se (No downloads stb.) *\/\r\n.woocommerce-info {\r\n    background: #111 !important;\r\n    color: #fff !important;\r\n    border: 1px solid #9401D9 !important;\r\n    border-left: 5px solid #9401D9 !important;\r\n    padding: 20px !important;\r\n    border-radius: 10px !important;\r\n}\r\n.woocommerce-info::before { display: none !important; }\r\n\/* 1. PIROS SZ\u00cdN KIIRT\u00c1SA A SZ\u00d6VEGB\u0150L *\/\r\n.woocommerce-MyAccount-content, \r\n.woocommerce-MyAccount-content p, \r\n.woocommerce-MyAccount-content span,\r\n.woocommerce-MyAccount-content a {\r\n    color: #ffffff !important; \/* A sima sz\u00f6veg legyen feh\u00e9r *\/\r\n}\r\n\r\n\/* 2. LINKEK SZ\u00cdNE (Dashboard sz\u00f6vegben l\u00e9v\u0151 linkek) *\/\r\n.woocommerce-MyAccount-content a {\r\n    color: #9401D9 !important; \/* A piros helyett neon lila *\/\r\n    text-decoration: none !important;\r\n    font-weight: bold !important;\r\n    transition: 0.3s !important;\r\n}\r\n\r\n.woocommerce-MyAccount-content a:hover {\r\n    color: #b002ff !important; \/* Hoverre kicsit vil\u00e1gosabb lila *\/\r\n    text-shadow: 0 0 8px rgba(148, 1, 217, 0.6) !important;\r\n}\r\n\r\n\/* 3. \"LOG OUT\" \u00c9S EGY\u00c9B KIEMEL\u00c9SEK FIX\u00c1L\u00c1SA *\/\r\n.woocommerce-MyAccount-content strong {\r\n    color: #ffffff !important;\r\n}\r\n\r\n\/* 4. HA VANNAK PIROS GOMBOK AZ \u00dcZENETBEN, AZT IS LIL\u00c1RA *\/\r\n.woocommerce-info a.button, \r\n.woocommerce-MyAccount-content a.button {\r\n    background-color: #9401D9 !important;\r\n    color: #ffffff !important;\r\n    border: none !important;\r\n}\r\n\r\n<\/style>\t\t\t\t<\/div>\n\t\t\t\t\t<\/div>\n\t\t\t\t<\/div>\n\t\t\t\t<\/div>\n\t\t","protected":false},"excerpt":{"rendered":"<p>\u00a0<\/p>\n","protected":false},"author":1,"featured_media":0,"parent":0,"menu_order":0,"comment_status":"closed","ping_status":"closed","template":"","meta":{"footnotes":""},"class_list":["post-15","page","type-page","status-publish","hentry"],"_links":{"self":[{"href":"https:\/\/virtuaudio.com\/index.php?rest_route=\/wp\/v2\/pages\/15","targetHints":{"allow":["GET"]}}],"collection":[{"href":"https:\/\/virtuaudio.com\/index.php?rest_route=\/wp\/v2\/pages"}],"about":[{"href":"https:\/\/virtuaudio.com\/index.php?rest_route=\/wp\/v2\/types\/page"}],"author":[{"embeddable":true,"href":"https:\/\/virtuaudio.com\/index.php?rest_route=\/wp\/v2\/users\/1"}],"replies":[{"embeddable":true,"href":"https:\/\/virtuaudio.com\/index.php?rest_route=%2Fwp%2Fv2%2Fcomments&post=15"}],"version-history":[{"count":5,"href":"https:\/\/virtuaudio.com\/index.php?rest_route=\/wp\/v2\/pages\/15\/revisions"}],"predecessor-version":[{"id":2478,"href":"https:\/\/virtuaudio.com\/index.php?rest_route=\/wp\/v2\/pages\/15\/revisions\/2478"}],"wp:attachment":[{"href":"https:\/\/virtuaudio.com\/index.php?rest_route=%2Fwp%2Fv2%2Fmedia&parent=15"}],"curies":[{"name":"wp","href":"https:\/\/api.w.org\/{rel}","templated":true}]}}